{"id":2807,"date":"2022-05-29T18:35:53","date_gmt":"2022-05-29T16:35:53","guid":{"rendered":"https:\/\/www.bcfi.be\/?page_id=2807"},"modified":"2026-04-02T17:21:59","modified_gmt":"2026-04-02T15:21:59","slug":"telechargements","status":"publish","type":"page","link":"https:\/\/h.bcfi.be\/fr\/telechargements\/","title":{"rendered":"T\u00e9l\u00e9chargements"},"content":{"rendered":"<p><div class=\"fusion-fullwidth fullwidth-box fusion-builder-row-1 fusion-flex-container nonhundred-percent-fullwidth non-hundred-percent-height-scrolling\" style=\"--awb-border-radius-top-left:0px;--awb-border-radius-top-right:0px;--awb-border-radius-bottom-right:0px;--awb-border-radius-bottom-left:0px;--awb-margin-top:50px;--awb-flex-wrap:wrap;\" ><div class=\"fusion-builder-row fusion-row fusion-flex-align-items-flex-start fusion-flex-content-wrap\" style=\"max-width:1248px;margin-left: calc(-4% \/ 2 );margin-right: calc(-4% \/ 2 );\"><div class=\"fusion-layout-column fusion_builder_column fusion-builder-column-0 fusion_builder_column_1_2 1_2 fusion-flex-column\" style=\"--awb-bg-size:cover;--awb-width-large:50%;--awb-margin-top-large:0px;--awb-spacing-right-large:3.84%;--awb-margin-bottom-large:20px;--awb-spacing-left-large:3.84%;--awb-width-medium:50%;--awb-order-medium:0;--awb-spacing-right-medium:3.84%;--awb-spacing-left-medium:3.84%;--awb-width-small:100%;--awb-order-small:0;--awb-spacing-right-small:1.92%;--awb-spacing-left-small:1.92%;\"><div class=\"fusion-column-wrapper fusion-column-has-shadow fusion-flex-justify-content-flex-start fusion-content-layout-column\"><div class=\"fusion-text fusion-text-1\"><h2>Le R\u00e9pertoire en PDF <span style=\"text-decoration: underline;\">avec sp\u00e9cialit\u00e9s<\/span><\/h2>\n<h2>(version avril 2026)<\/h2>\n<h3><a href=\"..\/..\/PDFREP\/GGRCM\/GGR_FR_2026.pdf\">Le R\u00e9pertoire complet<\/a><\/h3>\n<p>Par chapitre<\/p>\n<ul>\n<li><a href=\"..\/..\/PDFREP\/GGRCM\/fr\/Introduction.pdf\">Introduction<\/a><\/li>\n<li><a href=\"..\/..\/PDFREP\/GGRCM\/fr\/1. Systeme cardio-vasculaire.pdf\">1. Syst\u00e8me cardio-vasculaire<\/a><\/li>\n<li><a href=\"..\/..\/PDFREP\/GGRCM\/fr\/2. Sang et coagulation.pdf\">2. Sang et coagulation<\/a><\/li>\n<li><a href=\"..\/..\/PDFREP\/GGRCM\/fr\/3. Systeme gastro-intestinal.pdf\">3. Syst\u00e8me gastro-intestinal<\/a><\/li>\n<li><a href=\"..\/..\/PDFREP\/GGRCM\/fr\/4. Systeme respiratoire.pdf\">4. Syst\u00e8me respiratoire<\/a><\/li>\n<li><a href=\"..\/..\/PDFREP\/GGRCM\/fr\/5. Systeme hormonal.pdf\">5. Syst\u00e8me hormonal<\/a><\/li>\n<li><a href=\"..\/..\/PDFREP\/GGRCM\/fr\/6. Gyneco-obstetrique.pdf\">6. Gyn\u00e9co-obst\u00e9trique<\/a><\/li>\n<li><a href=\"..\/..\/PDFREP\/GGRCM\/fr\/7. Systeme urogenital.pdf\">7. Systeme urogenital<\/a><\/li>\n<li><a href=\"..\/..\/PDFREP\/GGRCM\/fr\/8. Douleur et fievre.pdf\">8. Douleur et fi\u00e8vre<\/a><\/li>\n<li><a href=\"..\/..\/PDFREP\/GGRCM\/fr\/9. Pathologies osteo-articulaires.pdf\">9. Pathologies ost\u00e9o-articulaires<\/a><\/li>\n<li><a href=\"..\/..\/PDFREP\/GGRCM\/fr\/10. Systeme nerveux.pdf\">10. Syst\u00e8me nerveux<\/a><\/li>\n<li><a href=\"..\/..\/PDFREP\/GGRCM\/fr\/11. Infections.pdf\">11. Infections<\/a><\/li>\n<li><a href=\"..\/..\/PDFREP\/GGRCM\/fr\/12. Immunite.pdf\">12. Immunit\u00e9<\/a><\/li>\n<li><a href=\"..\/..\/PDFREP\/GGRCM\/fr\/13. Medicaments antitumoraux.pdf\">13. M\u00e9dicaments antitumoraux<\/a><\/li>\n<li><a href=\"..\/..\/PDFREP\/GGRCM\/fr\/14. Mineraux et vitamines.pdf\">14. Min\u00e9raux et vitamines<\/a><\/li>\n<li><a href=\"..\/..\/PDFREP\/GGRCM\/fr\/15. Dermatologie.pdf\">15. Dermatologie<\/a><\/li>\n<li><a href=\"..\/..\/PDFREP\/GGRCM\/fr\/16. Ophtalmologie.pdf\">16. Ophtalmologie<\/a><\/li>\n<li><a href=\"..\/..\/PDFREP\/GGRCM\/fr\/17. Oto-Rhino-Laryngologie.pdf\">17. Oto-Rhino-Laryngologie<\/a><\/li>\n<li><a href=\"..\/..\/PDFREP\/GGRCM\/fr\/18. Anesthesie.pdf\">18. Anesth\u00e9sie<\/a><\/li>\n<li><a href=\"..\/..\/PDFREP\/GGRCM\/fr\/19. Agents de diagnostic.pdf\">19. Agents de diagnostic<\/a><\/li>\n<li><a href=\"..\/..\/PDFREP\/GGRCM\/fr\/20. Medicaments divers.pdf\">20. M\u00e9dicaments divers<\/a><\/li>\n<\/ul>\n<\/div><\/div><\/div><div class=\"fusion-layout-column fusion_builder_column fusion-builder-column-1 fusion_builder_column_1_2 1_2 fusion-flex-column\" style=\"--awb-bg-size:cover;--awb-width-large:50%;--awb-margin-top-large:0px;--awb-spacing-right-large:3.84%;--awb-margin-bottom-large:20px;--awb-spacing-left-large:3.84%;--awb-width-medium:50%;--awb-order-medium:0;--awb-spacing-right-medium:3.84%;--awb-spacing-left-medium:3.84%;--awb-width-small:100%;--awb-order-small:0;--awb-spacing-right-small:1.92%;--awb-spacing-left-small:1.92%;\"><div class=\"fusion-column-wrapper fusion-column-has-shadow fusion-flex-justify-content-flex-start fusion-content-layout-column\"><div class=\"fusion-text fusion-text-2\"><h2>Le R\u00e9pertoire en PDF <span style=\"text-decoration: underline;\">sans sp\u00e9cialit\u00e9s<\/span><\/h2>\n<h2>(version avril 2026)<\/h2>\n<h3><a href=\"..\/..\/PDFREP\/GGRWS\/GGR_FR_2026_WS.pdf\">Le R\u00e9pertoire complet<\/a><\/h3>\n<p>Par chapitre<\/p>\n<ul>\n<li><a href=\"..\/..\/PDFREP\/GGRWS\/fr\/Introduction.pdf\">Introduction<\/a><\/li>\n<li><a href=\"..\/..\/PDFREP\/GGRWS\/fr\/1. Systeme cardio-vasculaire.pdf\">1. Syst\u00e8me cardio-vasculaire<\/a><\/li>\n<li><a href=\"..\/..\/PDFREP\/GGRWS\/fr\/2. Sang et coagulation.pdf\">2. Sang et coagulation<\/a><\/li>\n<li><a href=\"..\/..\/PDFREP\/GGRWS\/fr\/3. Systeme gastro-intestinal.pdf\">3. Syst\u00e8me gastro-intestinal<\/a><\/li>\n<li><a href=\"..\/..\/PDFREP\/GGRWS\/fr\/4. Systeme respiratoire.pdf\">4. Syst\u00e8me respiratoire<\/a><\/li>\n<li><a href=\"..\/..\/PDFREP\/GGRWS\/fr\/5. Systeme hormonal.pdf\">5. Syst\u00e8me hormonal<\/a><\/li>\n<li><a href=\"..\/..\/PDFREP\/GGRWS\/fr\/6. Gyneco-obstetrique.pdf\">6. Gyn\u00e9co-obst\u00e9trique<\/a><\/li>\n<li><a href=\"..\/..\/PDFREP\/GGRWS\/fr\/7. Systeme urogenital.pdf\">7. Systeme urogenital<\/a><\/li>\n<li><a href=\"..\/..\/PDFREP\/GGRWS\/fr\/8. Douleur et fievre.pdf\">8. Douleur et fi\u00e8vre<\/a><\/li>\n<li><a href=\"..\/..\/PDFREP\/GGRWS\/fr\/9. Pathologies osteo-articulaires.pdf\">9. Pathologies ost\u00e9o-articulaires<\/a><\/li>\n<li><a href=\"..\/..\/PDFREP\/GGRWS\/fr\/10. Systeme nerveux.pdf\">10. Syst\u00e8me nerveux<\/a><\/li>\n<li><a href=\"..\/..\/PDFREP\/GGRWS\/fr\/11. Infections.pdf\">11. Infections<\/a><\/li>\n<li><a href=\"..\/..\/PDFREP\/GGRWS\/fr\/12. Immunite.pdf\">12. Immunit\u00e9<\/a><\/li>\n<li><a href=\"..\/..\/PDFREP\/GGRWS\/fr\/13. Medicaments antitumoraux.pdf\">13. M\u00e9dicaments antitumoraux<\/a><\/li>\n<li><a href=\"..\/..\/PDFREP\/GGRWS\/fr\/14. Mineraux et vitamines.pdf\">14. Min\u00e9raux et vitamines<\/a><\/li>\n<li><a href=\"..\/..\/PDFREP\/GGRWS\/fr\/15. Dermatologie.pdf\">15. Dermatologie<\/a><\/li>\n<li><a href=\"..\/..\/PDFREP\/GGRWS\/fr\/16. Ophtalmologie.pdf\">16. Ophtalmologie<\/a><\/li>\n<li><a href=\"..\/..\/PDFREP\/GGRWS\/fr\/17. Oto-Rhino-Laryngologie.pdf\">17. Oto-Rhino-Laryngologie<\/a><\/li>\n<li><a href=\"..\/..\/PDFREP\/GGRWS\/fr\/18. Anesthesie.pdf\">18. Anesth\u00e9sie<\/a><\/li>\n<li><a href=\"..\/..\/PDFREP\/GGRWS\/fr\/19. Agents de diagnostic.pdf\">19. Agents de diagnostic<\/a><\/li>\n<li><a href=\"..\/..\/PDFREP\/GGRWS\/fr\/20. Medicaments divers.pdf\">20. M\u00e9dicaments divers<\/a><\/li>\n<\/ul>\n<\/div><\/div><\/div><\/div><\/div><div class=\"fusion-fullwidth fullwidth-box fusion-builder-row-2 fusion-flex-container has-pattern-background has-mask-background nonhundred-percent-fullwidth non-hundred-percent-height-scrolling\" style=\"--awb-border-radius-top-left:0px;--awb-border-radius-top-right:0px;--awb-border-radius-bottom-right:0px;--awb-border-radius-bottom-left:0px;--awb-flex-wrap:wrap;\" ><div class=\"fusion-builder-row fusion-row fusion-flex-align-items-flex-start fusion-flex-content-wrap\" style=\"max-width:1248px;margin-left: calc(-4% \/ 2 );margin-right: calc(-4% \/ 2 );\"><div class=\"fusion-layout-column fusion_builder_column fusion-builder-column-2 fusion_builder_column_1_1 1_1 fusion-flex-column\" style=\"--awb-bg-size:cover;--awb-width-large:100%;--awb-margin-top-large:0px;--awb-spacing-right-large:1.92%;--awb-margin-bottom-large:20px;--awb-spacing-left-large:1.92%;--awb-width-medium:100%;--awb-order-medium:0;--awb-spacing-right-medium:1.92%;--awb-spacing-left-medium:1.92%;--awb-width-small:100%;--awb-order-small:0;--awb-spacing-right-small:1.92%;--awb-spacing-left-small:1.92%;\"><div class=\"fusion-column-wrapper fusion-column-has-shadow fusion-flex-justify-content-flex-start fusion-content-layout-column\"><div class=\"fusion-text fusion-text-3\"><h2>Archives du R\u00e9pertoire<\/h2>\n<p>Cliquez <a href=\"https:\/\/www.cbip.be\/fr\/ggrpdf\">ici<\/a>.<\/p>\n<\/div><\/div><\/div><\/div><\/div><div class=\"fusion-fullwidth fullwidth-box fusion-builder-row-3 fusion-flex-container has-pattern-background has-mask-background nonhundred-percent-fullwidth non-hundred-percent-height-scrolling\" style=\"--awb-border-radius-top-left:0px;--awb-border-radius-top-right:0px;--awb-border-radius-bottom-right:0px;--awb-border-radius-bottom-left:0px;--awb-flex-wrap:wrap;\" ><div class=\"fusion-builder-row fusion-row fusion-flex-align-items-flex-start fusion-flex-content-wrap\" style=\"max-width:1248px;margin-left: calc(-4% \/ 2 );margin-right: calc(-4% \/ 2 );\"><div class=\"fusion-layout-column fusion_builder_column fusion-builder-column-3 fusion_builder_column_1_1 1_1 fusion-flex-column\" style=\"--awb-bg-size:cover;--awb-width-large:100%;--awb-margin-top-large:0px;--awb-spacing-right-large:1.92%;--awb-margin-bottom-large:20px;--awb-spacing-left-large:1.92%;--awb-width-medium:100%;--awb-order-medium:0;--awb-spacing-right-medium:1.92%;--awb-spacing-left-medium:1.92%;--awb-width-small:100%;--awb-order-small:0;--awb-spacing-right-small:1.92%;--awb-spacing-left-small:1.92%;\"><div class=\"fusion-column-wrapper fusion-column-has-shadow fusion-flex-justify-content-flex-start fusion-content-layout-column\"><div class=\"fusion-text fusion-text-4\"><h2>Application mobile<\/h2>\n<p>Depuis le 7 ao\u00fbt 2025 notre nouvelle version de l&rsquo;application mobile est disponible pour iOS et android<\/p>\n<p><a href=\"https:\/\/apps.apple.com\/be\/app\/cbip\/id965757984?l=fr-FR\"><img decoding=\"async\" class=\"alignnone wp-image-129747\" src=\"https:\/\/www.bcfi.be\/wp-content\/uploads\/2025\/08\/App_Store_Badge.png\" alt=\"\" width=\"142\" height=\"42\" \/><\/a> <a href=\"https:\/\/play.google.com\/store\/apps\/details?id=be.bcfi_cbip.mobile.cbip&amp;pcampaignid=web_share\"><img decoding=\"async\" class=\"alignnone wp-image-129745\" src=\"https:\/\/www.bcfi.be\/wp-content\/uploads\/2025\/08\/Google_Play_Store_badge.png\" alt=\"\" width=\"140\" height=\"42\" srcset=\"https:\/\/h.bcfi.be\/wp-content\/uploads\/2025\/08\/Google_Play_Store_badge-177x54.png 177w, https:\/\/h.bcfi.be\/wp-content\/uploads\/2025\/08\/Google_Play_Store_badge.png 180w\" sizes=\"(max-width: 140px) 100vw, 140px\" \/><\/a><\/p>\n<p>Pour android, il est \u00e9galement possible de t\u00e9l\u00e9charger et d&rsquo;installer manuellement l&rsquo;APK<\/p>\n<p><a href=\"..\/..\/APK\/bcfi-cbip_2.1.8.apk\"><img decoding=\"async\" class=\"alignleft wp-image-129751\" src=\"https:\/\/www.bcfi.be\/wp-content\/uploads\/2025\/08\/download-android-apk-badge-1-300x99.png\" alt=\"\" width=\"142\" height=\"47\" srcset=\"https:\/\/h.bcfi.be\/wp-content\/uploads\/2025\/08\/download-android-apk-badge-1-200x66.png 200w, https:\/\/h.bcfi.be\/wp-content\/uploads\/2025\/08\/download-android-apk-badge-1-300x99.png 300w, https:\/\/h.bcfi.be\/wp-content\/uploads\/2025\/08\/download-android-apk-badge-1-400x133.png 400w, https:\/\/h.bcfi.be\/wp-content\/uploads\/2025\/08\/download-android-apk-badge-1.png 540w\" sizes=\"(max-width: 142px) 100vw, 142px\" \/><\/a><br \/>\nVersion 2.1.8<\/p>\n<\/div><\/div><\/div><\/div><\/div><div class=\"fusion-fullwidth fullwidth-box fusion-builder-row-4 fusion-flex-container has-pattern-background has-mask-background nonhundred-percent-fullwidth non-hundred-percent-height-scrolling\" style=\"--awb-border-radius-top-left:0px;--awb-border-radius-top-right:0px;--awb-border-radius-bottom-right:0px;--awb-border-radius-bottom-left:0px;--awb-flex-wrap:wrap;\" ><div class=\"fusion-builder-row fusion-row fusion-flex-align-items-flex-start fusion-flex-content-wrap\" style=\"max-width:1248px;margin-left: calc(-4% \/ 2 );margin-right: calc(-4% \/ 2 );\"><div class=\"fusion-layout-column fusion_builder_column fusion-builder-column-4 fusion_builder_column_1_1 1_1 fusion-flex-column\" style=\"--awb-bg-size:cover;--awb-width-large:100%;--awb-margin-top-large:0px;--awb-spacing-right-large:1.92%;--awb-margin-bottom-large:20px;--awb-spacing-left-large:1.92%;--awb-width-medium:100%;--awb-order-medium:0;--awb-spacing-right-medium:1.92%;--awb-spacing-left-medium:1.92%;--awb-width-small:100%;--awb-order-small:0;--awb-spacing-right-small:1.92%;--awb-spacing-left-small:1.92%;\"><div class=\"fusion-column-wrapper fusion-column-has-shadow fusion-flex-justify-content-flex-start fusion-content-layout-column\"><div class=\"fusion-text fusion-text-5\"><h2>Liens pour d\u00e9veloppeurs<\/h2>\n<p>Cliquez <a href=\"https:\/\/www.cbip.be\/fr\/download\">ici<\/a>.<\/p>\n<\/div><\/div><\/div><\/div><\/div><\/p>\n","protected":false},"excerpt":{"rendered":"","protected":false},"author":14,"featured_media":0,"parent":0,"menu_order":0,"comment_status":"closed","ping_status":"closed","template":"","meta":{"footnotes":""},"class_list":["post-2807","page","type-page","status-publish","hentry"],"_links":{"self":[{"href":"https:\/\/h.bcfi.be\/fr\/wp-json\/wp\/v2\/pages\/2807","targetHints":{"allow":["GET"]}}],"collection":[{"href":"https:\/\/h.bcfi.be\/fr\/wp-json\/wp\/v2\/pages"}],"about":[{"href":"https:\/\/h.bcfi.be\/fr\/wp-json\/wp\/v2\/types\/page"}],"author":[{"embeddable":true,"href":"https:\/\/h.bcfi.be\/fr\/wp-json\/wp\/v2\/users\/14"}],"replies":[{"embeddable":true,"href":"https:\/\/h.bcfi.be\/fr\/wp-json\/wp\/v2\/comments?post=2807"}],"version-history":[{"count":8,"href":"https:\/\/h.bcfi.be\/fr\/wp-json\/wp\/v2\/pages\/2807\/revisions"}],"predecessor-version":[{"id":180351,"href":"https:\/\/h.bcfi.be\/fr\/wp-json\/wp\/v2\/pages\/2807\/revisions\/180351"}],"wp:attachment":[{"href":"https:\/\/h.bcfi.be\/fr\/wp-json\/wp\/v2\/media?parent=2807"}],"curies":[{"name":"wp","href":"https:\/\/api.w.org\/{rel}","templated":true}]}}