{"id":465,"date":"2022-05-02T09:51:48","date_gmt":"2022-05-02T08:51:48","guid":{"rendered":"https:\/\/www.bcfi.be\/?page_id=465"},"modified":"2026-02-06T09:27:10","modified_gmt":"2026-02-06T08:27:10","slug":"notre-mission","status":"publish","type":"page","link":"https:\/\/h.bcfi.be\/fr\/a-propos-de-nous\/notre-mission\/","title":{"rendered":"Notre mission"},"content":{"rendered":"<p><div class=\"fusion-fullwidth fullwidth-box fusion-builder-row-1 fusion-flex-container nonhundred-percent-fullwidth non-hundred-percent-height-scrolling\" style=\"--awb-border-radius-top-left:0px;--awb-border-radius-top-right:0px;--awb-border-radius-bottom-right:0px;--awb-border-radius-bottom-left:0px;--awb-margin-top:0px;--awb-margin-bottom:0px;--awb-flex-wrap:wrap;\" ><div class=\"fusion-builder-row fusion-row fusion-flex-align-items-flex-start fusion-flex-content-wrap\" style=\"max-width:1248px;margin-left: calc(-4% \/ 2 );margin-right: calc(-4% \/ 2 );\"><div class=\"fusion-layout-column fusion_builder_column fusion-builder-column-0 fusion_builder_column_3_5 3_5 fusion-flex-column\" style=\"--awb-bg-size:cover;--awb-width-large:60%;--awb-margin-top-large:50px;--awb-spacing-right-large:3.2%;--awb-margin-bottom-large:20px;--awb-spacing-left-large:3.2%;--awb-width-medium:60%;--awb-order-medium:0;--awb-spacing-right-medium:3.2%;--awb-spacing-left-medium:3.2%;--awb-width-small:100%;--awb-order-small:0;--awb-spacing-right-small:1.92%;--awb-spacing-left-small:1.92%;\"><div class=\"fusion-column-wrapper fusion-column-has-shadow fusion-flex-justify-content-flex-start fusion-content-layout-column\"><div class=\"fusion-text fusion-text-1\"><p style=\"text-align: justify;\">Le Centre Belge d\u2019Information Pharmacoth\u00e9rapeutique (CBIP) est une organisation sans but lucratif fond\u00e9e en 1971.<\/p>\n<p style=\"text-align: justify;\">Elle est g\u00e9r\u00e9e par des membres de toutes les universit\u00e9s, d\u2019associations scientifiques de m\u00e9decins et pharmaciens et de l\u2019Agence F\u00e9d\u00e9rale des M\u00e9dicaments et Produits de Sant\u00e9 (AFMPS). M\u00e9decins, pharmaciens et autres prestataires de soins de sant\u00e9 y travaillent en \u00e9troite collaboration avec des experts dans chaque domaine pharmacoth\u00e9rapeutique.<\/p>\n<p style=\"text-align: justify;\">Le CBIP offre aux professionnels de la sant\u00e9 des <strong>informations ind\u00e9pendantes, objectives et factuelles<\/strong> sur les m\u00e9dicaments \u00e0 usage humain et v\u00e9t\u00e9rinaire.<\/p>\n<p style=\"text-align: justify;\">L&rsquo;association est financ\u00e9e exclusivement au moyen de fonds publics, l\u2019ind\u00e9pendance \u00e9ditoriale \u00e9tant reconnue.<\/p>\n<p style=\"text-align: justify;\"><strong><span style=\"color: #00ab41;\">Notre objectif<\/span><u><span style=\"color: #339966;\"><br \/>\n<\/span><\/u><\/strong>Le bon usage des m\u00e9dicaments dans la pratique clinique et la formation continue des prestataires de soins belges.<\/p>\n<p style=\"text-align: justify;\"><strong><span style=\"color: #339966;\"><span style=\"color: #00ab41;\">Nos outils<\/span><u><br \/>\n<\/u><\/span><\/strong>Des publications fiables et des <a href=\"\/fr\/formations\/auditorium-elearnings\/\">modules e-learning<\/a> gratuits et accr\u00e9dit\u00e9s.<\/p>\n<p><strong><span style=\"color: #339966;\"><span style=\"color: #00ab41;\">Notre m\u00e9thodologie<br \/>\n<\/span><\/span><\/strong>Qui r\u00e9dige les publications du CBIP, comment assurons-nous le suivi de la litt\u00e9rature et comment les preuves sont-elles \u00e9valu\u00e9es ? Quelles sont les proc\u00e9dures de r\u00e9vision et de mise \u00e0 jour de nos publications ? Lisez <a href=\"\/wp-content\/uploads\/2026\/01\/METHODOLOGIE_CBIP_pub_v2025-11.pdf.pdf\">notre m\u00e9thodologie<\/a> pour tout savoir sur notre fa\u00e7on de travailler.<\/p>\n<p><strong><span style=\"color: #339966;\"><span style=\"color: #00ab41;\">Nos activit\u00e9s<br \/>\n<\/span><\/span><\/strong>Int\u00e9ress\u00e9.e par nos activit\u00e9s ? Vous pouvez consulter nos rapports annuels <a href=\"\/fr\/nos-activites\/\">ici<\/a>.<\/p>\n<\/div><\/div><\/div><div class=\"fusion-layout-column fusion_builder_column fusion-builder-column-1 fusion_builder_column_2_5 2_5 fusion-flex-column fusion-flex-align-self-flex-start\" style=\"--awb-bg-size:cover;--awb-width-large:40%;--awb-margin-top-large:10px;--awb-spacing-right-large:4.8%;--awb-margin-bottom-large:20px;--awb-spacing-left-large:4.8%;--awb-width-medium:40%;--awb-order-medium:0;--awb-spacing-right-medium:4.8%;--awb-spacing-left-medium:4.8%;--awb-width-small:100%;--awb-order-small:0;--awb-spacing-right-small:1.92%;--awb-spacing-left-small:1.92%;\"><div class=\"fusion-column-wrapper fusion-column-has-shadow fusion-flex-justify-content-flex-start fusion-content-layout-column\"><div class=\"fusion-video fusion-vimeo\" style=\"--awb-max-width:400px;--awb-max-height:300px;--awb-align-self:center;--awb-width:100%;\"><div class=\"video-shortcode\"><div class=\"fluid-width-video-wrapper\" style=\"padding-top:75%;\" ><iframe title=\"Vimeo video player 1\" src=\"https:\/\/player.vimeo.com\/video\/718372014?autoplay=0&amp;autopause=0\" width=\"400\" height=\"300\" allowfullscreen allow=\"autoplay; fullscreen\"><\/iframe><\/div><\/div><\/div><div class=\"fusion-video fusion-vimeo\" style=\"--awb-max-width:400px;--awb-max-height:300px;--awb-align-self:center;--awb-width:100%;\"><div class=\"video-shortcode\"><div class=\"fluid-width-video-wrapper\" style=\"padding-top:75%;\" ><iframe title=\"Vimeo video player 2\" src=\"https:\/\/player.vimeo.com\/video\/718372164?autoplay=0&amp;autopause=0\" width=\"400\" height=\"300\" allowfullscreen allow=\"autoplay; fullscreen\"><\/iframe><\/div><\/div><\/div><\/div><\/div><\/div><\/div><div class=\"fusion-fullwidth fullwidth-box fusion-builder-row-2 fusion-flex-container nonhundred-percent-fullwidth non-hundred-percent-height-scrolling\" style=\"--awb-border-radius-top-left:0px;--awb-border-radius-top-right:0px;--awb-border-radius-bottom-right:0px;--awb-border-radius-bottom-left:0px;--awb-margin-top:0px;--awb-margin-bottom:0px;--awb-flex-wrap:wrap;\" ><div class=\"fusion-builder-row fusion-row fusion-flex-align-items-flex-start fusion-flex-justify-content-center fusion-flex-content-wrap\" style=\"max-width:1248px;margin-left: calc(-4% \/ 2 );margin-right: calc(-4% \/ 2 );\"><div class=\"fusion-layout-column fusion_builder_column fusion-builder-column-2 fusion_builder_column_4_5 4_5 fusion-flex-column fusion-flex-align-self-flex-start\" style=\"--awb-bg-size:cover;--awb-width-large:80%;--awb-margin-top-large:0px;--awb-spacing-right-large:2.4%;--awb-margin-bottom-large:0px;--awb-spacing-left-large:2.4%;--awb-width-medium:80%;--awb-order-medium:0;--awb-spacing-right-medium:2.4%;--awb-spacing-left-medium:2.4%;--awb-width-small:100%;--awb-order-small:0;--awb-spacing-right-small:1.92%;--awb-spacing-left-small:1.92%;\"><div class=\"fusion-column-wrapper fusion-column-has-shadow fusion-flex-justify-content-flex-start fusion-content-layout-column\"><\/div><\/div><\/div><\/div><div class=\"fusion-fullwidth fullwidth-box fusion-builder-row-3 fusion-flex-container nonhundred-percent-fullwidth non-hundred-percent-height-scrolling\" style=\"--awb-border-radius-top-left:0px;--awb-border-radius-top-right:0px;--awb-border-radius-bottom-right:0px;--awb-border-radius-bottom-left:0px;--awb-padding-bottom:50px;--awb-flex-wrap:wrap;\" ><div class=\"fusion-builder-row fusion-row fusion-flex-align-items-center fusion-flex-content-wrap\" style=\"max-width:1248px;margin-left: calc(-4% \/ 2 );margin-right: calc(-4% \/ 2 );\"><div class=\"fusion-layout-column fusion_builder_column fusion-builder-column-3 fusion_builder_column_3_5 3_5 fusion-flex-column\" style=\"--awb-padding-right:25px;--awb-padding-left:25px;--awb-overflow:hidden;--awb-bg-color:var(--awb-color5);--awb-bg-color-hover:var(--awb-color5);--awb-bg-size:cover;--awb-box-shadow: 0px 0px ;;--awb-border-radius:10px 10px 10px 10px;--awb-width-large:60%;--awb-margin-top-large:0px;--awb-spacing-right-large:3.2%;--awb-margin-bottom-large:20px;--awb-spacing-left-large:3.2%;--awb-width-medium:60%;--awb-order-medium:0;--awb-spacing-right-medium:3.2%;--awb-spacing-left-medium:3.2%;--awb-width-small:100%;--awb-order-small:0;--awb-spacing-right-small:1.92%;--awb-spacing-left-small:1.92%;\"><div class=\"fusion-column-wrapper fusion-column-has-shadow fusion-flex-justify-content-center fusion-content-layout-column\"><div class=\"fusion-text fusion-text-2\" style=\"--awb-margin-top:30px;\"><p style=\"text-align: center;\"><span style=\"color: #ffffff;\">Le CBIP est accr\u00e9dit\u00e9 par le Cebam en tant que producteur de sources d\u2019information-EBP. Cela signifie que le <em>R\u00e9pertoire Comment\u00e9 des M\u00e9dicaments<\/em> et les <em>Folia<\/em> <em>Pharmacotherapeutica<\/em> sont reconnus comme sources d\u2019informations fiables, de haute qualit\u00e9 scientifique et bas\u00e9es sur des preuves.\u00a0<\/span><\/p>\n<p style=\"text-align: center;\"><span style=\"color: #ffffff;\"><em>\u00ab\u00a0Un label de qualit\u00e9 Cebam offre au professionnel de sant\u00e9 l&rsquo;assurance que les informations consult\u00e9es sont r\u00e9centes et fond\u00e9es sur les meilleures preuves scientifiques disponibles\u00a0\u00bb (<\/em><em>Patrik Vankrunkelsven \u2013 Directeur CEBAM).<\/em><\/span><\/p>\n<p style=\"text-align: center;\"><span style=\"color: #ffffff;\">Pour en savoir plus, cliquez <a style=\"color: #ffffff;\" href=\"\/fr\/le-cbip-officiellement-accredite-comme-source-dinformation-ebp\/\">ici<\/a>.<\/span><\/p>\n<\/div><\/div><\/div><div class=\"fusion-layout-column fusion_builder_column fusion-builder-column-4 fusion_builder_column_2_5 2_5 fusion-flex-column\" style=\"--awb-padding-top:30px;--awb-padding-bottom:10px;--awb-overflow:hidden;--awb-bg-size:cover;--awb-border-color:var(--awb-color5);--awb-border-top:1px;--awb-border-bottom:1px;--awb-border-style:solid;--awb-border-radius:10px 10px 10px 10px;--awb-width-large:40%;--awb-margin-top-large:0px;--awb-spacing-right-large:4.8%;--awb-margin-bottom-large:20px;--awb-spacing-left-large:4.8%;--awb-width-medium:40%;--awb-order-medium:0;--awb-spacing-right-medium:4.8%;--awb-spacing-left-medium:4.8%;--awb-width-small:100%;--awb-order-small:0;--awb-spacing-right-small:1.92%;--awb-spacing-left-small:1.92%;\"><div class=\"fusion-column-wrapper fusion-column-has-shadow fusion-flex-justify-content-center fusion-content-layout-column\"><div class=\"fusion-text fusion-text-3\" style=\"--awb-content-alignment:justify;--awb-text-transform:none;--awb-text-color:var(--awb-color8);\"><p style=\"text-align: center;\">Un <strong>Arr\u00eat\u00e9 Royal<\/strong> du 28 f\u00e9vrier 1974 <strong>agr\u00e9e le CBIP<\/strong> \u00e0 dur\u00e9e ind\u00e9termin\u00e9e pour \u00ab\u00a0assurer l&rsquo;information m\u00e9dico-pharmaceutique relative aux m\u00e9dicaments\u00a0\u00bb.<\/p>\n<\/div><\/div><\/div><\/div><\/div><\/p>\n","protected":false},"excerpt":{"rendered":"","protected":false},"author":2,"featured_media":0,"parent":83,"menu_order":0,"comment_status":"closed","ping_status":"closed","template":"","meta":{"footnotes":""},"class_list":["post-465","page","type-page","status-publish","hentry"],"_links":{"self":[{"href":"https:\/\/h.bcfi.be\/fr\/wp-json\/wp\/v2\/pages\/465","targetHints":{"allow":["GET"]}}],"collection":[{"href":"https:\/\/h.bcfi.be\/fr\/wp-json\/wp\/v2\/pages"}],"about":[{"href":"https:\/\/h.bcfi.be\/fr\/wp-json\/wp\/v2\/types\/page"}],"author":[{"embeddable":true,"href":"https:\/\/h.bcfi.be\/fr\/wp-json\/wp\/v2\/users\/2"}],"replies":[{"embeddable":true,"href":"https:\/\/h.bcfi.be\/fr\/wp-json\/wp\/v2\/comments?post=465"}],"version-history":[{"count":8,"href":"https:\/\/h.bcfi.be\/fr\/wp-json\/wp\/v2\/pages\/465\/revisions"}],"predecessor-version":[{"id":172399,"href":"https:\/\/h.bcfi.be\/fr\/wp-json\/wp\/v2\/pages\/465\/revisions\/172399"}],"up":[{"embeddable":true,"href":"https:\/\/h.bcfi.be\/fr\/wp-json\/wp\/v2\/pages\/83"}],"wp:attachment":[{"href":"https:\/\/h.bcfi.be\/fr\/wp-json\/wp\/v2\/media?parent=465"}],"curies":[{"name":"wp","href":"https:\/\/api.w.org\/{rel}","templated":true}]}}