{"id":473,"date":"2022-05-02T09:54:10","date_gmt":"2022-05-02T08:54:10","guid":{"rendered":"https:\/\/www.bcfi.be\/?page_id=473"},"modified":"2025-11-06T14:19:14","modified_gmt":"2025-11-06T13:19:14","slug":"cbip-dans-les-medias","status":"publish","type":"page","link":"https:\/\/h.bcfi.be\/fr\/a-propos-de-nous\/cbip-dans-les-medias\/","title":{"rendered":"CBIP dans les m\u00e9dias"},"content":{"rendered":"<div class=\"fusion-fullwidth fullwidth-box fusion-builder-row-1 fusion-flex-container nonhundred-percent-fullwidth non-hundred-percent-height-scrolling\" style=\"--awb-border-radius-top-left:0px;--awb-border-radius-top-right:0px;--awb-border-radius-bottom-right:0px;--awb-border-radius-bottom-left:0px;--awb-padding-top:50px;--awb-padding-bottom:50px;--awb-flex-wrap:wrap;\" ><div class=\"fusion-builder-row fusion-row fusion-flex-align-items-flex-start fusion-flex-content-wrap\" style=\"max-width:1248px;margin-left: calc(-4% \/ 2 );margin-right: calc(-4% \/ 2 );\"><div class=\"fusion-layout-column fusion_builder_column fusion-builder-column-0 fusion_builder_column_1_1 1_1 fusion-flex-column\" style=\"--awb-bg-size:cover;--awb-width-large:100%;--awb-margin-top-large:0px;--awb-spacing-right-large:1.92%;--awb-margin-bottom-large:20px;--awb-spacing-left-large:1.92%;--awb-width-medium:100%;--awb-order-medium:0;--awb-spacing-right-medium:1.92%;--awb-spacing-left-medium:1.92%;--awb-width-small:100%;--awb-order-small:0;--awb-spacing-right-small:1.92%;--awb-spacing-left-small:1.92%;\"><div class=\"fusion-column-wrapper fusion-column-has-shadow fusion-flex-justify-content-flex-start fusion-content-layout-column\"><div class=\"fusion-text fusion-text-1\"><h2>Communiqu\u00e9s de presse<\/h2>\n<\/div><div class=\"fusion-blog-shortcode fusion-blog-shortcode-1 fusion-blog-archive fusion-blog-layout-medium-alternate fusion-blog-infinite\"><div class=\"fusion-posts-container fusion-posts-container-infinite fusion-no-meta-info\" data-pages=\"3\"><article id=\"blog-1-post-134674\" class=\"fusion-post-medium-alternate post-134674 post type-post status-publish format-standard has-post-thumbnail hentry category-actualites category-2025-fr tag-communique-colonne-1\">\n<div class=\"fusion-date-and-formats\"><div class=\"fusion-date-box updated\"><span class=\"fusion-date\">6<\/span><span class=\"fusion-month-year\">11, 2025<\/span><\/div><div class=\"fusion-format-box\"><i class=\"awb-icon-pen\" aria-hidden=\"true\"><\/i><\/div><\/div>\t<style type=\"text\/css\">\n\t\t\n\t\t\n\t\t\n\t\t\n\t\t\t<\/style>\n\n\n\t\t\t<div class=\"fusion-flexslider flexslider fusion-flexslider-loading fusion-post-slideshow\" style=\"\">\n\t\t<ul class=\"slides\">\n\t\t\t\n\t\t\t\t\t\t\t\t\t\t\t\t\t\t<li><div  class=\"fusion-image-wrapper fusion-image-size-fixed\" aria-haspopup=\"true\">\n\t\t\t\t\t\t\t<a href=\"https:\/\/h.bcfi.be\/fr\/global-day-against-pain\/\" aria-label=\"Global Day Against Pain : Reconnaissance et compr\u00e9hension de la douleur chez l\u2019animal, une \u00e9tape cruciale vers son bien-\u00eatre\">\n\t\t\t\t\t\t\t<img decoding=\"async\" width=\"256\" height=\"158\" src=\"https:\/\/h.bcfi.be\/wp-content\/uploads\/2025\/11\/Pijn_vet.png\" class=\"attachment-blog-medium size-blog-medium wp-post-image\" alt=\"\" srcset=\"https:\/\/h.bcfi.be\/wp-content\/uploads\/2025\/11\/Pijn_vet-200x123.png 200w, https:\/\/h.bcfi.be\/wp-content\/uploads\/2025\/11\/Pijn_vet.png 256w\" sizes=\"(max-width: 256px) 100vw, 256px\" \/>\t\t\t<\/a>\n\t\t\t\t\t\t\t<\/div>\n<\/li>\n\t\t\t\n\t\t\t\n\t\t\t\t\t\t\t\t\t\t\t\t\t\t\t\t\t\t\t\t\t\t\t\t\t\t\t\t\t\t\t\t\t\t\t\t\t\t\t\t\t\t\t\t\t\t\t\t\t\t\t\t\t\t\t\t\t\t\t\t\t\t\t\t\t\t\t\t<\/ul>\n\t<\/div>\n\t<div class=\"fusion-post-content post-content\"><h2 class=\"blog-shortcode-post-title entry-title\"><a href=\"https:\/\/h.bcfi.be\/fr\/global-day-against-pain\/\">Global Day Against Pain : Reconnaissance et compr\u00e9hension de la douleur chez l\u2019animal, une \u00e9tape cruciale vers son bien-\u00eatre<\/a><\/h2><div class=\"fusion-post-content-container\"><p> Communiqu\u00e9 de presse 16\/10\/2025 La douleur est universelle \u2013 c\u2019est un avertissement du corps que quelque chose ne tourne pas rond. Tout comme les humains, les animaux peuvent ressentir de la douleur. Toutefois, la douleur animale est souvent sous-estim\u00e9e ou ignor\u00e9e, bien qu\u2019elle ait un impact fondamental sur la sant\u00e9 et le bien-\u00eatre. A l\u2019occasion de la Journ\u00e9e Mondiale Contre [...]<\/p><\/div><\/div><div class=\"fusion-clearfix\"><\/div><\/article>\n<article id=\"blog-1-post-94254\" class=\"fusion-post-medium-alternate post-94254 post type-post status-publish format-standard has-post-thumbnail hentry category-actualites category-2023-fr tag-communique-colonne-1\">\n<div class=\"fusion-date-and-formats\"><div class=\"fusion-date-box updated\"><span class=\"fusion-date\">26<\/span><span class=\"fusion-month-year\">07, 2023<\/span><\/div><div class=\"fusion-format-box\"><i class=\"awb-icon-pen\" aria-hidden=\"true\"><\/i><\/div><\/div>\t<style type=\"text\/css\">\n\t\t\n\t\t\n\t\t\n\t\t\n\t\t\t<\/style>\n\n\n\t\t\t<div class=\"fusion-flexslider flexslider fusion-flexslider-loading fusion-post-slideshow\" style=\"\">\n\t\t<ul class=\"slides\">\n\t\t\t\n\t\t\t\t\t\t\t\t\t\t\t\t\t\t<li><div  class=\"fusion-image-wrapper fusion-image-size-fixed\" aria-haspopup=\"true\">\n\t\t\t\t\t\t\t<a href=\"https:\/\/h.bcfi.be\/fr\/le-cbip-accueille-de-nouveaux-vice-presidents-et-de-nouveaux-redacteurs-en-chef\/\" aria-label=\"Le CBIP accueille de nouveaux (vice-)pr\u00e9sidents et de nouveaux r\u00e9dacteurs en chef\">\n\t\t\t\t\t\t\t<img decoding=\"async\" width=\"256\" height=\"158\" src=\"https:\/\/h.bcfi.be\/wp-content\/uploads\/2023\/07\/CDP.jpg\" class=\"attachment-blog-medium size-blog-medium wp-post-image\" alt=\"\" srcset=\"https:\/\/h.bcfi.be\/wp-content\/uploads\/2023\/07\/CDP-200x123.jpg 200w, https:\/\/h.bcfi.be\/wp-content\/uploads\/2023\/07\/CDP.jpg 256w\" sizes=\"(max-width: 256px) 100vw, 256px\" \/>\t\t\t<\/a>\n\t\t\t\t\t\t\t<\/div>\n<\/li>\n\t\t\t\n\t\t\t\n\t\t\t\t\t\t\t\t\t\t\t\t\t\t\t\t\t\t\t\t\t\t\t\t\t\t\t\t\t\t\t\t\t\t\t\t\t\t\t\t\t\t\t\t\t\t\t\t\t\t\t\t\t\t\t\t\t\t\t\t\t\t\t\t\t\t\t\t<\/ul>\n\t<\/div>\n\t<div class=\"fusion-post-content post-content\"><h2 class=\"blog-shortcode-post-title entry-title\"><a href=\"https:\/\/h.bcfi.be\/fr\/le-cbip-accueille-de-nouveaux-vice-presidents-et-de-nouveaux-redacteurs-en-chef\/\">Le CBIP accueille de nouveaux (vice-)pr\u00e9sidents et de nouveaux r\u00e9dacteurs en chef<\/a><\/h2><div class=\"fusion-post-content-container\"><p> Depuis le 13 juin 2023, le CBIP accueille un nouveau Pr\u00e9sident et un nouveau Vice-Pr\u00e9sident, Prof. Dr. Jean-Marie Maloteaux et Prof. Dr. Thierry Christiaens, ainsi que trois nouveaux R\u00e9dacteurs en chef. Le CBIP est fier d'accueillir Prof. Dr. Jean-Marie Maloteaux en tant que nouveau Pr\u00e9sident et Prof. Dr. Thierry Christiaens en tant que nouveau Vice-Pr\u00e9sident pour les deux prochaines ann\u00e9es. [...]<\/p><\/div><\/div><div class=\"fusion-clearfix\"><\/div><\/article>\n<\/div><div class=\"fusion-infinite-scroll-trigger\"><\/div><div class=\"pagination infinite-scroll clearfix\" style=\"display:none;\"><span class=\"current\">1<\/span><a href=\"https:\/\/h.bcfi.be\/fr\/wp-json\/wp\/v2\/pages\/473\/page\/2\/\" class=\"inactive\">2<\/a><a class=\"pagination-next\" rel=\"next\" href=\"https:\/\/h.bcfi.be\/fr\/wp-json\/wp\/v2\/pages\/473\/page\/2\/\"><span class=\"page-text\">Suivant<\/span><span class=\"page-next\"><\/span><\/a><\/div><div class=\"fusion-clearfix\"><\/div><\/div><\/div><\/div><div class=\"fusion-layout-column fusion_builder_column fusion-builder-column-1 fusion_builder_column_1_1 1_1 fusion-flex-column fusion-flex-align-self-flex-start\" style=\"--awb-bg-size:cover;--awb-width-large:100%;--awb-margin-top-large:-50px;--awb-spacing-right-large:1.92%;--awb-margin-bottom-large:20px;--awb-spacing-left-large:1.92%;--awb-width-medium:100%;--awb-order-medium:0;--awb-spacing-right-medium:1.92%;--awb-spacing-left-medium:1.92%;--awb-width-small:100%;--awb-order-small:0;--awb-spacing-right-small:1.92%;--awb-spacing-left-small:1.92%;\"><div class=\"fusion-column-wrapper fusion-column-has-shadow fusion-flex-justify-content-flex-start fusion-content-layout-column\"><div class=\"fusion-text fusion-text-2 fusion-text-no-margin\" style=\"--awb-margin-top:20px;--awb-margin-bottom:-20px;\"><h2>Le CBIP dans la presse<\/h2>\n<\/div><div class=\"fusion-text fusion-text-3 fusion-text-no-margin\" style=\"--awb-margin-bottom:-20px;--awb-text-font-family:&quot;PT Sans&quot;;--awb-text-font-style:normal;--awb-text-font-weight:400;\"><ul>\n<li>\n<h5>01\/06\/2022 | Officinalia (uniquement en n\u00e9erlandais)<br \/>\n<a href=\"\/wp-content\/uploads\/2022\/06\/Officinalia-118_juni_2022.pdf\" target=\"_blank\" rel=\"noopener\">\u00ab\u00a0Gouden jubileum voor het BCFI\u00a0\u00bb<\/a><\/h5>\n<\/li>\n<\/ul>\n<\/div><div class=\"fusion-text fusion-text-4 fusion-text-no-margin\" style=\"--awb-margin-bottom:-20px;--awb-text-font-family:&quot;PT Sans&quot;;--awb-text-font-style:normal;--awb-text-font-weight:400;\"><ul>\n<li>\n<h5>24\/03\/2022 | Journal du M\u00e9decin (uniquement en n\u00e9erlandais)<br \/>\n<a href=\"https:\/\/www.bcfi.be\/wp-content\/uploads\/2022\/05\/2202-03-24-Artsenkrant-BCFI-al-50-jaar-rots-in-de-branding.pdf\" target=\"_blank\" rel=\"noopener\">\u00ab\u00a0BCFI al 50 jaar rots in de branding\u00a0\u00bb<\/a><\/h5>\n<\/li>\n<\/ul>\n<\/div><\/div><\/div><\/div><\/div>\n","protected":false},"excerpt":{"rendered":"","protected":false},"author":14,"featured_media":0,"parent":83,"menu_order":0,"comment_status":"closed","ping_status":"closed","template":"","meta":{"footnotes":""},"class_list":["post-473","page","type-page","status-publish","hentry"],"_links":{"self":[{"href":"https:\/\/h.bcfi.be\/fr\/wp-json\/wp\/v2\/pages\/473","targetHints":{"allow":["GET"]}}],"collection":[{"href":"https:\/\/h.bcfi.be\/fr\/wp-json\/wp\/v2\/pages"}],"about":[{"href":"https:\/\/h.bcfi.be\/fr\/wp-json\/wp\/v2\/types\/page"}],"author":[{"embeddable":true,"href":"https:\/\/h.bcfi.be\/fr\/wp-json\/wp\/v2\/users\/14"}],"replies":[{"embeddable":true,"href":"https:\/\/h.bcfi.be\/fr\/wp-json\/wp\/v2\/comments?post=473"}],"version-history":[{"count":3,"href":"https:\/\/h.bcfi.be\/fr\/wp-json\/wp\/v2\/pages\/473\/revisions"}],"predecessor-version":[{"id":134686,"href":"https:\/\/h.bcfi.be\/fr\/wp-json\/wp\/v2\/pages\/473\/revisions\/134686"}],"up":[{"embeddable":true,"href":"https:\/\/h.bcfi.be\/fr\/wp-json\/wp\/v2\/pages\/83"}],"wp:attachment":[{"href":"https:\/\/h.bcfi.be\/fr\/wp-json\/wp\/v2\/media?parent=473"}],"curies":[{"name":"wp","href":"https:\/\/api.w.org\/{rel}","templated":true}]}}