{"id":502,"date":"2022-05-02T10:08:51","date_gmt":"2022-05-02T09:08:51","guid":{"rendered":"https:\/\/www.bcfi.be\/?page_id=502"},"modified":"2025-10-09T14:32:48","modified_gmt":"2025-10-09T12:32:48","slug":"contactez-nous","status":"publish","type":"page","link":"https:\/\/h.bcfi.be\/fr\/contact\/contactez-nous\/","title":{"rendered":"Contactez-nous"},"content":{"rendered":"<p><div class=\"fusion-fullwidth fullwidth-box fusion-builder-row-1 fusion-flex-container nonhundred-percent-fullwidth non-hundred-percent-height-scrolling\" style=\"--awb-border-radius-top-left:0px;--awb-border-radius-top-right:0px;--awb-border-radius-bottom-right:0px;--awb-border-radius-bottom-left:0px;--awb-padding-top:40px;--awb-background-color:var(--awb-color2);--awb-flex-wrap:wrap;\" ><div class=\"fusion-builder-row fusion-row fusion-flex-align-items-center fusion-flex-justify-content-center fusion-flex-content-wrap\" style=\"max-width:1248px;margin-left: calc(-4% \/ 2 );margin-right: calc(-4% \/ 2 );\"><div class=\"fusion-layout-column fusion_builder_column fusion-builder-column-0 fusion_builder_column_1_3 1_3 fusion-flex-column fusion-flex-align-self-flex-start\" style=\"--awb-bg-color:var(--awb-color2);--awb-bg-color-hover:var(--awb-color2);--awb-bg-size:cover;--awb-width-large:33.333333333333%;--awb-margin-top-large:0px;--awb-spacing-right-large:5.76%;--awb-margin-bottom-large:20px;--awb-spacing-left-large:5.76%;--awb-width-medium:33.333333333333%;--awb-order-medium:0;--awb-spacing-right-medium:5.76%;--awb-spacing-left-medium:5.76%;--awb-width-small:100%;--awb-order-small:0;--awb-spacing-right-small:1.92%;--awb-spacing-left-small:1.92%;\"><div class=\"fusion-column-wrapper fusion-column-has-shadow fusion-flex-justify-content-flex-start fusion-content-layout-column\"><div class=\"fusion-text fusion-text-1\" style=\"--awb-text-font-family:&quot;PT Sans&quot;;--awb-text-font-style:normal;--awb-text-font-weight:400;\"><h3>Si\u00e8ge social<\/h3>\n<p>CBIP asbl &#8211; BCFI vzw<br \/>\nAvenue Galil\u00e9e 5\/03<br \/>\n1210 BRUXELLES<\/p>\n<\/div><\/div><\/div><div class=\"fusion-layout-column fusion_builder_column fusion-builder-column-1 fusion_builder_column_1_2 1_2 fusion-flex-column\" style=\"--awb-bg-size:cover;--awb-width-large:50%;--awb-margin-top-large:0px;--awb-spacing-right-large:3.84%;--awb-margin-bottom-large:20px;--awb-spacing-left-large:3.84%;--awb-width-medium:50%;--awb-order-medium:0;--awb-spacing-right-medium:3.84%;--awb-spacing-left-medium:3.84%;--awb-width-small:100%;--awb-order-small:0;--awb-spacing-right-small:1.92%;--awb-spacing-left-small:1.92%;\"><div class=\"fusion-column-wrapper fusion-column-has-shadow fusion-flex-justify-content-flex-start fusion-content-layout-column\"><a class=\"fusion-modal-text-link\" href=\"#\"><iframe style=\"border: 0;\" src=\"https:\/\/www.google.com\/maps\/embed?pb=!1m18!1m12!1m3!1d2518.8167298974017!2d4.365308415894653!3d50.853077966152185!2m3!1f0!2f0!3f0!3m2!1i1024!2i768!4f13.1!3m3!1m2!1s0x47c3c37b8db36225%3A0x3843c993c79b5185!2sGalileelaan%205%2F03%2C%201210%20Brussel!5e0!3m2!1sfr!2sbe!4v1652708896658!5m2!1sfr!2sbe\" width=\"600\" height=\"450\" allowfullscreen=\"allowfullscreen\"><\/iframe><\/a><\/div><\/div><\/div><\/div><div class=\"fusion-fullwidth fullwidth-box fusion-builder-row-2 fusion-flex-container nonhundred-percent-fullwidth non-hundred-percent-height-scrolling\" style=\"--awb-border-radius-top-left:0px;--awb-border-radius-top-right:0px;--awb-border-radius-bottom-right:0px;--awb-border-radius-bottom-left:0px;--awb-padding-top:20px;--awb-flex-wrap:wrap;\" ><div class=\"fusion-builder-row fusion-row fusion-flex-align-items-flex-start fusion-flex-justify-content-center fusion-flex-content-wrap\" style=\"max-width:1248px;margin-left: calc(-4% \/ 2 );margin-right: calc(-4% \/ 2 );\"><div class=\"fusion-layout-column fusion_builder_column fusion-builder-column-2 fusion_builder_column_5_6 5_6 fusion-flex-column\" style=\"--awb-bg-size:cover;--awb-width-large:83.333333333333%;--awb-margin-top-large:0px;--awb-spacing-right-large:2.304%;--awb-margin-bottom-large:20px;--awb-spacing-left-large:2.304%;--awb-width-medium:83.333333333333%;--awb-order-medium:0;--awb-spacing-right-medium:2.304%;--awb-spacing-left-medium:2.304%;--awb-width-small:100%;--awb-order-small:0;--awb-spacing-right-small:1.92%;--awb-spacing-left-small:1.92%;\"><div class=\"fusion-column-wrapper fusion-column-has-shadow fusion-flex-justify-content-flex-start fusion-content-layout-column\"><div class=\"fusion-separator fusion-full-width-sep\" style=\"align-self: center;margin-left: auto;margin-right: auto;width:100%;\"><div class=\"fusion-separator-border sep-single sep-solid\" style=\"--awb-height:20px;--awb-amount:20px;--awb-sep-color:var(--awb-color6);border-color:var(--awb-color6);border-top-width:1px;\"><\/div><\/div><\/div><\/div><\/div><\/div><div class=\"fusion-fullwidth fullwidth-box fusion-builder-row-3 fusion-flex-container nonhundred-percent-fullwidth non-hundred-percent-height-scrolling\" style=\"--awb-border-radius-top-left:0px;--awb-border-radius-top-right:0px;--awb-border-radius-bottom-right:0px;--awb-border-radius-bottom-left:0px;--awb-flex-wrap:wrap;\" ><div class=\"fusion-builder-row fusion-row fusion-flex-align-items-flex-start fusion-flex-justify-content-center fusion-flex-content-wrap\" style=\"max-width:1248px;margin-left: calc(-4% \/ 2 );margin-right: calc(-4% \/ 2 );\"><div class=\"fusion-layout-column fusion_builder_column fusion-builder-column-3 fusion_builder_column_3_5 3_5 fusion-flex-column\" style=\"--awb-bg-size:cover;--awb-width-large:60%;--awb-margin-top-large:0px;--awb-spacing-right-large:3.2%;--awb-margin-bottom-large:20px;--awb-spacing-left-large:3.2%;--awb-width-medium:60%;--awb-order-medium:0;--awb-spacing-right-medium:3.2%;--awb-spacing-left-medium:3.2%;--awb-width-small:100%;--awb-order-small:0;--awb-spacing-right-small:1.92%;--awb-spacing-left-small:1.92%;\"><div class=\"fusion-column-wrapper fusion-column-has-shadow fusion-flex-justify-content-flex-start fusion-content-layout-column\"><div class=\"fusion-text fusion-text-2\" style=\"--awb-content-alignment:left;\"><h3>Une question ou suggestion?<\/h3>\n<p style=\"text-align: justify;\">Nous vous invitons \u00e0 regarder la page des <a href=\"\/fr\/contact\/questions-frequentes\/\">questions fr\u00e9quentes<\/a>\u00a0(FAQ).<\/p>\n<p style=\"text-align: justify;\">Toutes autres questions et suggestions sont fortement appr\u00e9ci\u00e9es par le CBIP et trait\u00e9es le plus rapidement possible. En fonction du sujet de celles-ci, vous pouvez contacter le CBIP \u00e0 une des adresses suivantes:<\/p>\n<p>@ <a href=\"mailto:redaction@cbip.be\">redaction@cbip.be<\/a><br \/>\n&#8211; les textes des publications du CBIP (R\u00e9pertoire, Folia, etc.)<br \/>\n&#8211; questions li\u00e9es \u00e0 la pratique clinique<\/p>\n<p>@ <a href=\"mailto:specialites@cbip.be\">specialites@cbip.be<\/a><br \/>\n&#8211; les m\u00e9dicaments et leur fiche technique (remboursement, cadre l\u00e9gal, prix,&#8230;)<br \/>\n&#8211; les groupes DCI (D\u00e9nomination Commune Internationale)<br \/>\n&#8211; la disponibilit\u00e9 (ou l&rsquo;indisponibilit\u00e9) des m\u00e9dicaments<\/p>\n<p>@ <a href=\"mailto:auditorium@cbip.be\">auditorium@cbip.be<\/a><br \/>\n&#8211; questions et remarques sur le contenu des apprentissages en ligne<br \/>\n&#8211; probl\u00e8mes techniques concernant les apprentissages en ligne<br \/>\n&#8211; suggestions pour de futurs sujets<\/p>\n<p>@ <a href=\"mailto:olderadultsmeds@cbip.be\">olderadultsmeds@cbip.be<\/a><br \/>\n&#8211; questions concernant les s\u00e9lections m\u00e9dicamenteuses pour le formulaire de soins aux personnes \u00e2g\u00e9es<br \/>\n&#8211; questions li\u00e9es \u00e0 la pratique clinique, concernant l\u2019usage des m\u00e9dicaments chez la personne \u00e2g\u00e9e<\/p>\n<p>@ <a href=\"mailto:informatique@cbip.be\">informatique@cbip.be<\/a><br \/>\n&#8211; les aspects techniques du site Web, y compris le R\u00e9pertoire en ligne<br \/>\n&#8211; l&rsquo;application smartphone\/tablette du R\u00e9pertoire pour Android et iOs<br \/>\n&#8211; la base de donn\u00e9es disponible en t\u00e9l\u00e9chargement<br \/>\n&#8211; les liens vers le site Web du CBIP<\/p>\n<p>@ <a href=\"mailto:communications@cbip.be\">communication@cbip.be<\/a><br \/>\n&#8211; pour les journalistes<\/p>\n<p>@ <a href=\"mailto:administration@cbip.be\">administration@cbip.be<\/a><br \/>\n&#8211; toute autre question<\/p>\n<\/div><\/div><\/div><div class=\"fusion-layout-column fusion_builder_column fusion-builder-column-4 fusion_builder_column_1_5 1_5 fusion-flex-column\" style=\"--awb-bg-size:cover;--awb-width-large:20%;--awb-margin-top-large:0px;--awb-spacing-right-large:9.6%;--awb-margin-bottom-large:20px;--awb-spacing-left-large:9.6%;--awb-width-medium:20%;--awb-order-medium:0;--awb-spacing-right-medium:9.6%;--awb-spacing-left-medium:9.6%;--awb-width-small:100%;--awb-order-small:0;--awb-spacing-right-small:1.92%;--awb-spacing-left-small:1.92%;\"><div class=\"fusion-column-wrapper fusion-column-has-shadow fusion-flex-justify-content-center fusion-content-layout-column\"><div class=\"fusion-text fusion-text-3\" style=\"--awb-content-alignment:center;\"><h4 style=\"text-align: center;\">Important<br \/>\npour les questions concernant la <a href=\"https:\/\/www.samportal.be\/fr\/sam\" target=\"_new\" rel=\"noopener\">SAM<\/a> (Source Authentique des M\u00e9dicaments)<\/h4>\n<p>Le CBIP n&rsquo;est qu&rsquo;un des fournisseurs de donn\u00e9es (avec l&rsquo;AFMPS, l&rsquo;INAMI et le SPF \u00e9conomie). Merci d&rsquo;utiliser le <a href=\"https:\/\/www.samportal.be\/fr\/sam\/contact\">formulaire de contact du portail SAM<\/a>.<br \/>\nEn fonction du sujet choisi, le formulaire de contact envoie votre question directement \u00e0 l&rsquo;organisme concern\u00e9.<\/p>\n<\/div><\/div><\/div><\/div><\/div><\/p>\n","protected":false},"excerpt":{"rendered":"","protected":false},"author":2,"featured_media":0,"parent":115,"menu_order":0,"comment_status":"closed","ping_status":"closed","template":"","meta":{"footnotes":""},"class_list":["post-502","page","type-page","status-publish","hentry"],"_links":{"self":[{"href":"https:\/\/h.bcfi.be\/fr\/wp-json\/wp\/v2\/pages\/502","targetHints":{"allow":["GET"]}}],"collection":[{"href":"https:\/\/h.bcfi.be\/fr\/wp-json\/wp\/v2\/pages"}],"about":[{"href":"https:\/\/h.bcfi.be\/fr\/wp-json\/wp\/v2\/types\/page"}],"author":[{"embeddable":true,"href":"https:\/\/h.bcfi.be\/fr\/wp-json\/wp\/v2\/users\/2"}],"replies":[{"embeddable":true,"href":"https:\/\/h.bcfi.be\/fr\/wp-json\/wp\/v2\/comments?post=502"}],"version-history":[{"count":7,"href":"https:\/\/h.bcfi.be\/fr\/wp-json\/wp\/v2\/pages\/502\/revisions"}],"predecessor-version":[{"id":132979,"href":"https:\/\/h.bcfi.be\/fr\/wp-json\/wp\/v2\/pages\/502\/revisions\/132979"}],"up":[{"embeddable":true,"href":"https:\/\/h.bcfi.be\/fr\/wp-json\/wp\/v2\/pages\/115"}],"wp:attachment":[{"href":"https:\/\/h.bcfi.be\/fr\/wp-json\/wp\/v2\/media?parent=502"}],"curies":[{"name":"wp","href":"https:\/\/api.w.org\/{rel}","templated":true}]}}